{"id":6900,"date":"2020-07-07T12:17:40","date_gmt":"2020-07-07T12:17:40","guid":{"rendered":"https:\/\/keramikmarkt.online\/?page_id=6900"},"modified":"2022-12-16T13:07:02","modified_gmt":"2022-12-16T13:07:02","slug":"imprint","status":"publish","type":"page","link":"https:\/\/keramikmarkt.online\/en\/imprint\/","title":{"rendered":"Imprint"},"content":{"rendered":"<div class=\"wpb-content-wrapper\">[vc_row][vc_column width=&#8221;1\/4&#8243;][\/vc_column][vc_column width=&#8221;1\/2&#8243;][vc_column_text]\n<h1>Impressum<\/h1>\n<h4>Angaben gem\u00e4\u00df \u00a7 5 TMG:<\/h4>\n<p>Hirschler+Hirschler GbR<\/p>\n<h4>Postanschrift:<\/h4>\n<p>Zentrum f\u00fcr Keramik &#8211; Berlin<br \/>\nPestalozzistr. 18<br \/>\n13187 Berlin<\/p>\n<h4>Kontakt:<\/h4>\n<p>E-Mail: <a href=\"mailto:&#109;&#97;&#105;&#108;&#64;ke&#114;a&#109;ikmarkt&#46;&#111;nl&#105;&#110;&#101;\">&#109;&#97;&#105;l&#64;k&#101;ra&#109;&#105;k&#109;&#97;&#114;kt&#46;onl&#105;ne<\/a>\n<h4>Vertreten durch:<\/h4>\n<p>Hirschler+Hirschler GbR \/ Thomas Hirschler<\/p>\n<h4>Hinweis auf EU-Streitschlichtung<\/h4>\n<p>Die EU-Kommission hat eine europ\u00e4ische Plattform zur online Streitbeilegung eingerichtet, diese finden Sie hier: <a href=\"https:\/\/ec.europa.eu\/consumers\/odr\/\" target=\"_blank\" rel=\"noopener noreferrer\">https:\/\/ec.europa.eu\/consumers\/odr\/<\/a><\/p>\n<div class=\"vc_empty_space\" style=\"height: 32px;\"><\/div>\n[\/vc_column_text][vc_column_text]\n<h4>Haftungsbeschr\u00e4nkung<\/h4>\n<p>Die Inhalte dieser Website werden mit gr\u00f6\u00dftm\u00f6glicher Sorgfalt erstellt. Die Nutzung der Inhalte der Website erfolgt auf eigene Gefahr des Nutzers.<\/p>\n<h4>Externe Links<\/h4>\n<p>Diese Website enth\u00e4lt Verkn\u00fcpfungen zu Websites Dritter (\u201eexterne Links\u201c). Diese Websites unterliegen der Haftung der jeweiligen Betreiber. Der Anbieter hat bei der erstmaligen Verkn\u00fcpfung der externen Links die fremden Inhalte daraufhin \u00fcberpr\u00fcft, dass keine Rechtsverst\u00f6\u00dfe bestehen. Bei Kenntnis von Rechtsverst\u00f6\u00dfen werden externe Links unverz\u00fcglich gel\u00f6scht.[\/vc_column_text][\/vc_column][vc_column width=&#8221;1\/4&#8243;][\/vc_column][\/vc_row]\n<\/div>","protected":false},"excerpt":{"rendered":"<p>[vc_row][vc_column width=&#8221;1\/4&#8243;][\/vc_column][vc_column width=&#8221;1\/2&#8243;][vc_column_text] Impressum Angaben gem\u00e4\u00df \u00a7 5 TMG: Hirschler+Hirschler GbR Postanschrift: Zentrum f\u00fcr Keramik &#8211; Berlin Pestalozzistr. 18 13187 Berlin Kontakt: E-Mail: Vertreten durch: Hirschler+Hirschler GbR \/ Thomas Hirschler Hinweis auf EU-Streitschlichtung Die EU-Kommission hat eine europ\u00e4ische Plattform zur online Streitbeilegung eingerichtet, diese finden Sie hier: https:\/\/ec.europa.eu\/consumers\/odr\/ [\/vc_column_text][vc_column_text] Haftungsbeschr\u00e4nkung Die Inhalte dieser Website werden&hellip;<\/p>\n","protected":false},"author":1,"featured_media":0,"parent":0,"menu_order":0,"comment_status":"closed","ping_status":"closed","template":"","meta":{"_acf_changed":false,"footnotes":""},"class_list":["post-6900","page","type-page","status-publish","hentry"],"acf":[],"yoast_head":"<!-- This site is optimized with the Yoast SEO plugin v23.3 - https:\/\/yoast.com\/wordpress\/plugins\/seo\/ -->\n<title>Imprint - Keramikmarkt.online<\/title>\n<meta name=\"robots\" content=\"index, follow, max-snippet:-1, max-image-preview:large, max-video-preview:-1\" \/>\n<link rel=\"canonical\" href=\"https:\/\/keramikmarkt.online\/en\/imprint\/\" \/>\n<meta property=\"og:locale\" content=\"en_US\" \/>\n<meta property=\"og:type\" content=\"article\" \/>\n<meta property=\"og:title\" content=\"Imprint - Keramikmarkt.online\" \/>\n<meta property=\"og:description\" content=\"[vc_row][vc_column width=&#8221;1\/4&#8243;][\/vc_column][vc_column width=&#8221;1\/2&#8243;][vc_column_text] Impressum Angaben gem\u00e4\u00df \u00a7 5 TMG: Hirschler+Hirschler GbR Postanschrift: Zentrum f\u00fcr Keramik &#8211; Berlin Pestalozzistr. 18 13187 Berlin Kontakt: E-Mail: Vertreten durch: Hirschler+Hirschler GbR \/ Thomas Hirschler Hinweis auf EU-Streitschlichtung Die EU-Kommission hat eine europ\u00e4ische Plattform zur online Streitbeilegung eingerichtet, diese finden Sie hier: https:\/\/ec.europa.eu\/consumers\/odr\/ [\/vc_column_text][vc_column_text] Haftungsbeschr\u00e4nkung Die Inhalte dieser Website werden&hellip;\" \/>\n<meta property=\"og:url\" content=\"https:\/\/keramikmarkt.online\/en\/imprint\/\" \/>\n<meta property=\"og:site_name\" content=\"Keramikmarkt.online\" \/>\n<meta property=\"article:modified_time\" content=\"2022-12-16T13:07:02+00:00\" \/>\n<meta name=\"twitter:card\" content=\"summary_large_image\" \/>\n<meta name=\"twitter:label1\" content=\"Est. reading time\" \/>\n\t<meta name=\"twitter:data1\" content=\"1 minute\" \/>\n<script type=\"application\/ld+json\" class=\"yoast-schema-graph\">{\"@context\":\"https:\/\/schema.org\",\"@graph\":[{\"@type\":\"WebPage\",\"@id\":\"https:\/\/keramikmarkt.online\/en\/imprint\/\",\"url\":\"https:\/\/keramikmarkt.online\/en\/imprint\/\",\"name\":\"Imprint - Keramikmarkt.online\",\"isPartOf\":{\"@id\":\"https:\/\/keramikmarkt.online\/#website\"},\"datePublished\":\"2020-07-07T12:17:40+00:00\",\"dateModified\":\"2022-12-16T13:07:02+00:00\",\"breadcrumb\":{\"@id\":\"https:\/\/keramikmarkt.online\/en\/imprint\/#breadcrumb\"},\"inLanguage\":\"en-US\",\"potentialAction\":[{\"@type\":\"ReadAction\",\"target\":[\"https:\/\/keramikmarkt.online\/en\/imprint\/\"]}]},{\"@type\":\"BreadcrumbList\",\"@id\":\"https:\/\/keramikmarkt.online\/en\/imprint\/#breadcrumb\",\"itemListElement\":[{\"@type\":\"ListItem\",\"position\":1,\"name\":\"Startseite\",\"item\":\"https:\/\/keramikmarkt.online\/en\/\"},{\"@type\":\"ListItem\",\"position\":2,\"name\":\"Imprint\"}]},{\"@type\":\"WebSite\",\"@id\":\"https:\/\/keramikmarkt.online\/#website\",\"url\":\"https:\/\/keramikmarkt.online\/\",\"name\":\"Keramikmarkt.online\",\"description\":\"\",\"publisher\":{\"@id\":\"https:\/\/keramikmarkt.online\/#organization\"},\"potentialAction\":[{\"@type\":\"SearchAction\",\"target\":{\"@type\":\"EntryPoint\",\"urlTemplate\":\"https:\/\/keramikmarkt.online\/?s={search_term_string}\"},\"query-input\":\"required name=search_term_string\"}],\"inLanguage\":\"en-US\"},{\"@type\":\"Organization\",\"@id\":\"https:\/\/keramikmarkt.online\/#organization\",\"name\":\"Keramikmarkt.online\",\"url\":\"https:\/\/keramikmarkt.online\/\",\"logo\":{\"@type\":\"ImageObject\",\"inLanguage\":\"en-US\",\"@id\":\"https:\/\/keramikmarkt.online\/#\/schema\/logo\/image\/\",\"url\":\"https:\/\/keramikmarkt.online\/wp-content\/uploads\/2020\/07\/logo-keramikmarkt.png\",\"contentUrl\":\"https:\/\/keramikmarkt.online\/wp-content\/uploads\/2020\/07\/logo-keramikmarkt.png\",\"width\":2587,\"height\":212,\"caption\":\"Keramikmarkt.online\"},\"image\":{\"@id\":\"https:\/\/keramikmarkt.online\/#\/schema\/logo\/image\/\"}}]}<\/script>\n<!-- \/ Yoast SEO plugin. -->","yoast_head_json":{"title":"Imprint - Keramikmarkt.online","robots":{"index":"index","follow":"follow","max-snippet":"max-snippet:-1","max-image-preview":"max-image-preview:large","max-video-preview":"max-video-preview:-1"},"canonical":"https:\/\/keramikmarkt.online\/en\/imprint\/","og_locale":"en_US","og_type":"article","og_title":"Imprint - Keramikmarkt.online","og_description":"[vc_row][vc_column width=&#8221;1\/4&#8243;][\/vc_column][vc_column width=&#8221;1\/2&#8243;][vc_column_text] Impressum Angaben gem\u00e4\u00df \u00a7 5 TMG: Hirschler+Hirschler GbR Postanschrift: Zentrum f\u00fcr Keramik &#8211; Berlin Pestalozzistr. 18 13187 Berlin Kontakt: E-Mail: Vertreten durch: Hirschler+Hirschler GbR \/ Thomas Hirschler Hinweis auf EU-Streitschlichtung Die EU-Kommission hat eine europ\u00e4ische Plattform zur online Streitbeilegung eingerichtet, diese finden Sie hier: https:\/\/ec.europa.eu\/consumers\/odr\/ [\/vc_column_text][vc_column_text] Haftungsbeschr\u00e4nkung Die Inhalte dieser Website werden&hellip;","og_url":"https:\/\/keramikmarkt.online\/en\/imprint\/","og_site_name":"Keramikmarkt.online","article_modified_time":"2022-12-16T13:07:02+00:00","twitter_card":"summary_large_image","twitter_misc":{"Est. reading time":"1 minute"},"schema":{"@context":"https:\/\/schema.org","@graph":[{"@type":"WebPage","@id":"https:\/\/keramikmarkt.online\/en\/imprint\/","url":"https:\/\/keramikmarkt.online\/en\/imprint\/","name":"Imprint - Keramikmarkt.online","isPartOf":{"@id":"https:\/\/keramikmarkt.online\/#website"},"datePublished":"2020-07-07T12:17:40+00:00","dateModified":"2022-12-16T13:07:02+00:00","breadcrumb":{"@id":"https:\/\/keramikmarkt.online\/en\/imprint\/#breadcrumb"},"inLanguage":"en-US","potentialAction":[{"@type":"ReadAction","target":["https:\/\/keramikmarkt.online\/en\/imprint\/"]}]},{"@type":"BreadcrumbList","@id":"https:\/\/keramikmarkt.online\/en\/imprint\/#breadcrumb","itemListElement":[{"@type":"ListItem","position":1,"name":"Startseite","item":"https:\/\/keramikmarkt.online\/en\/"},{"@type":"ListItem","position":2,"name":"Imprint"}]},{"@type":"WebSite","@id":"https:\/\/keramikmarkt.online\/#website","url":"https:\/\/keramikmarkt.online\/","name":"Keramikmarkt.online","description":"","publisher":{"@id":"https:\/\/keramikmarkt.online\/#organization"},"potentialAction":[{"@type":"SearchAction","target":{"@type":"EntryPoint","urlTemplate":"https:\/\/keramikmarkt.online\/?s={search_term_string}"},"query-input":"required name=search_term_string"}],"inLanguage":"en-US"},{"@type":"Organization","@id":"https:\/\/keramikmarkt.online\/#organization","name":"Keramikmarkt.online","url":"https:\/\/keramikmarkt.online\/","logo":{"@type":"ImageObject","inLanguage":"en-US","@id":"https:\/\/keramikmarkt.online\/#\/schema\/logo\/image\/","url":"https:\/\/keramikmarkt.online\/wp-content\/uploads\/2020\/07\/logo-keramikmarkt.png","contentUrl":"https:\/\/keramikmarkt.online\/wp-content\/uploads\/2020\/07\/logo-keramikmarkt.png","width":2587,"height":212,"caption":"Keramikmarkt.online"},"image":{"@id":"https:\/\/keramikmarkt.online\/#\/schema\/logo\/image\/"}}]}},"_links":{"self":[{"href":"https:\/\/keramikmarkt.online\/en\/wp-json\/wp\/v2\/pages\/6900"}],"collection":[{"href":"https:\/\/keramikmarkt.online\/en\/wp-json\/wp\/v2\/pages"}],"about":[{"href":"https:\/\/keramikmarkt.online\/en\/wp-json\/wp\/v2\/types\/page"}],"author":[{"embeddable":true,"href":"https:\/\/keramikmarkt.online\/en\/wp-json\/wp\/v2\/users\/1"}],"replies":[{"embeddable":true,"href":"https:\/\/keramikmarkt.online\/en\/wp-json\/wp\/v2\/comments?post=6900"}],"version-history":[{"count":3,"href":"https:\/\/keramikmarkt.online\/en\/wp-json\/wp\/v2\/pages\/6900\/revisions"}],"predecessor-version":[{"id":6903,"href":"https:\/\/keramikmarkt.online\/en\/wp-json\/wp\/v2\/pages\/6900\/revisions\/6903"}],"wp:attachment":[{"href":"https:\/\/keramikmarkt.online\/en\/wp-json\/wp\/v2\/media?parent=6900"}],"curies":[{"name":"wp","href":"https:\/\/api.w.org\/{rel}","templated":true}]}}